{"id":1602,"date":"2022-07-29T12:51:03","date_gmt":"2022-07-29T15:51:03","guid":{"rendered":"http:\/\/moramatassi.com\/bico\/?page_id=1602"},"modified":"2023-04-30T12:09:57","modified_gmt":"2023-04-30T15:09:57","slug":"presentaciones","status":"publish","type":"page","link":"https:\/\/moramatassi.com\/eng\/presentaciones\/","title":{"rendered":"Presentations"},"content":{"rendered":"<div data-elementor-type=\"wp-page\" data-elementor-id=\"1602\" class=\"elementor elementor-1602\">\n\t\t\t\t\t\t<section class=\"elementor-section elementor-top-section elementor-element elementor-element-6c6e4c5 elementor-section-boxed elementor-section-height-default elementor-section-height-default\" data-id=\"6c6e4c5\" data-element_type=\"section\" data-e-type=\"section\" data-settings=\"{&quot;background_background&quot;:&quot;classic&quot;}\">\n\t\t\t\t\t\t\t<div class=\"elementor-background-overlay\"><\/div>\n\t\t\t\t\t\t\t<div class=\"elementor-container elementor-column-gap-no\">\n\t\t\t\t\t<div class=\"elementor-column elementor-col-100 elementor-top-column elementor-element elementor-element-7f350f8\" data-id=\"7f350f8\" data-element_type=\"column\" data-e-type=\"column\">\n\t\t\t<div class=\"elementor-widget-wrap elementor-element-populated\">\n\t\t\t\t\t\t<div class=\"elementor-element elementor-element-55306a8 elementor-widget elementor-widget-spacer\" data-id=\"55306a8\" data-element_type=\"widget\" data-e-type=\"widget\" data-widget_type=\"spacer.default\">\n\t\t\t\t<div class=\"elementor-widget-container\">\n\t\t\t\t\t\t\t<div class=\"elementor-spacer\">\n\t\t\t<div class=\"elementor-spacer-inner\"><\/div>\n\t\t<\/div>\n\t\t\t\t\t\t<\/div>\n\t\t\t\t<\/div>\n\t\t\t\t<section class=\"elementor-section elementor-inner-section elementor-element elementor-element-b4d6717 elementor-section-boxed elementor-section-height-default elementor-section-height-default\" data-id=\"b4d6717\" data-element_type=\"section\" data-e-type=\"section\">\n\t\t\t\t\t\t<div class=\"elementor-container elementor-column-gap-default\">\n\t\t\t\t\t<div class=\"elementor-column elementor-col-100 elementor-inner-column elementor-element elementor-element-f3397b6\" data-id=\"f3397b6\" data-element_type=\"column\" data-e-type=\"column\">\n\t\t\t<div class=\"elementor-widget-wrap elementor-element-populated\">\n\t\t\t\t\t\t<div class=\"elementor-element elementor-element-776b956 elementor-widget-divider--view-line elementor-widget elementor-widget-divider\" data-id=\"776b956\" data-element_type=\"widget\" data-e-type=\"widget\" data-widget_type=\"divider.default\">\n\t\t\t\t<div class=\"elementor-widget-container\">\n\t\t\t\t\t\t\t<div class=\"elementor-divider\">\n\t\t\t<span class=\"elementor-divider-separator\">\n\t\t\t\t\t\t<\/span>\n\t\t<\/div>\n\t\t\t\t\t\t<\/div>\n\t\t\t\t<\/div>\n\t\t\t\t<div class=\"elementor-element elementor-element-d52abbd elementor-widget elementor-widget-heading\" data-id=\"d52abbd\" data-element_type=\"widget\" data-e-type=\"widget\" data-widget_type=\"heading.default\">\n\t\t\t\t<div class=\"elementor-widget-container\">\n\t\t\t\t\t<h1 class=\"elementor-heading-title elementor-size-default\">PRESENTATIONS_<\/h1>\t\t\t\t<\/div>\n\t\t\t\t<\/div>\n\t\t\t\t<div class=\"elementor-element elementor-element-eb81886 elementor-widget elementor-widget-image\" data-id=\"eb81886\" data-element_type=\"widget\" data-e-type=\"widget\" data-widget_type=\"image.default\">\n\t\t\t\t<div class=\"elementor-widget-container\">\n\t\t\t\t\t\t\t\t\t\t\t\t\t\t\t<img fetchpriority=\"high\" decoding=\"async\" width=\"1024\" height=\"683\" src=\"https:\/\/moramatassi.com\/wp-content\/uploads\/2023\/04\/NKCEMZJC5RDG7EAAX3OERDABLQ-1024x683.jpeg\" class=\"attachment-large size-large wp-image-3092\" alt=\"\" srcset=\"https:\/\/moramatassi.com\/wp-content\/uploads\/2023\/04\/NKCEMZJC5RDG7EAAX3OERDABLQ-1024x683.jpeg 1024w, https:\/\/moramatassi.com\/wp-content\/uploads\/2023\/04\/NKCEMZJC5RDG7EAAX3OERDABLQ-300x200.jpeg 300w, https:\/\/moramatassi.com\/wp-content\/uploads\/2023\/04\/NKCEMZJC5RDG7EAAX3OERDABLQ-768x512.jpeg 768w, https:\/\/moramatassi.com\/wp-content\/uploads\/2023\/04\/NKCEMZJC5RDG7EAAX3OERDABLQ-1536x1024.jpeg 1536w, https:\/\/moramatassi.com\/wp-content\/uploads\/2023\/04\/NKCEMZJC5RDG7EAAX3OERDABLQ-18x12.jpeg 18w, https:\/\/moramatassi.com\/wp-content\/uploads\/2023\/04\/NKCEMZJC5RDG7EAAX3OERDABLQ.jpeg 1920w\" sizes=\"(max-width: 1024px) 100vw, 1024px\" \/>\t\t\t\t\t\t\t\t\t\t\t\t\t\t\t<\/div>\n\t\t\t\t<\/div>\n\t\t\t\t\t<\/div>\n\t\t<\/div>\n\t\t\t\t\t<\/div>\n\t\t<\/section>\n\t\t\t\t\t<\/div>\n\t\t<\/div>\n\t\t\t\t\t<\/div>\n\t\t<\/section>\n\t\t\t\t<section class=\"elementor-section elementor-top-section elementor-element elementor-element-954652d elementor-section-boxed elementor-section-height-default elementor-section-height-default\" data-id=\"954652d\" data-element_type=\"section\" data-e-type=\"section\" data-settings=\"{&quot;background_background&quot;:&quot;classic&quot;}\">\n\t\t\t\t\t\t\t<div class=\"elementor-background-overlay\"><\/div>\n\t\t\t\t\t\t\t<div class=\"elementor-container elementor-column-gap-no\">\n\t\t\t\t\t<div class=\"elementor-column elementor-col-100 elementor-top-column elementor-element elementor-element-7971c06\" data-id=\"7971c06\" data-element_type=\"column\" data-e-type=\"column\">\n\t\t\t<div class=\"elementor-widget-wrap elementor-element-populated\">\n\t\t\t\t\t\t<div class=\"elementor-element elementor-element-3d507ba elementor-widget elementor-widget-spacer\" data-id=\"3d507ba\" data-element_type=\"widget\" data-e-type=\"widget\" data-widget_type=\"spacer.default\">\n\t\t\t\t<div class=\"elementor-widget-container\">\n\t\t\t\t\t\t\t<div class=\"elementor-spacer\">\n\t\t\t<div class=\"elementor-spacer-inner\"><\/div>\n\t\t<\/div>\n\t\t\t\t\t\t<\/div>\n\t\t\t\t<\/div>\n\t\t\t\t<div class=\"elementor-element elementor-element-e729bff elementor-widget elementor-widget-spacer\" data-id=\"e729bff\" data-element_type=\"widget\" data-e-type=\"widget\" data-widget_type=\"spacer.default\">\n\t\t\t\t<div class=\"elementor-widget-container\">\n\t\t\t\t\t\t\t<div class=\"elementor-spacer\">\n\t\t\t<div class=\"elementor-spacer-inner\"><\/div>\n\t\t<\/div>\n\t\t\t\t\t\t<\/div>\n\t\t\t\t<\/div>\n\t\t\t\t<section class=\"elementor-section elementor-inner-section elementor-element elementor-element-eec4da9 elementor-section-boxed elementor-section-height-default elementor-section-height-default\" data-id=\"eec4da9\" data-element_type=\"section\" data-e-type=\"section\">\n\t\t\t\t\t\t<div class=\"elementor-container elementor-column-gap-default\">\n\t\t\t\t\t<div class=\"elementor-column elementor-col-50 elementor-inner-column elementor-element elementor-element-0024be5\" data-id=\"0024be5\" data-element_type=\"column\" data-e-type=\"column\" data-settings=\"{&quot;background_background&quot;:&quot;classic&quot;}\">\n\t\t\t<div class=\"elementor-widget-wrap elementor-element-populated\">\n\t\t\t\t\t\t<div class=\"elementor-element elementor-element-8929369 elementor-widget elementor-widget-image\" data-id=\"8929369\" data-element_type=\"widget\" data-e-type=\"widget\" data-widget_type=\"image.default\">\n\t\t\t\t<div class=\"elementor-widget-container\">\n\t\t\t\t\t\t\t\t\t\t\t\t\t\t\t<img decoding=\"async\" width=\"45\" height=\"91\" src=\"https:\/\/moramatassi.com\/wp-content\/uploads\/2022\/07\/Mora_miscelanea_07.svg\" class=\"attachment-full size-full wp-image-1411\" alt=\"\" \/>\t\t\t\t\t\t\t\t\t\t\t\t\t\t\t<\/div>\n\t\t\t\t<\/div>\n\t\t\t\t\t<\/div>\n\t\t<\/div>\n\t\t\t\t<div class=\"elementor-column elementor-col-50 elementor-inner-column elementor-element elementor-element-d5df75a\" data-id=\"d5df75a\" data-element_type=\"column\" data-e-type=\"column\">\n\t\t\t<div class=\"elementor-widget-wrap elementor-element-populated\">\n\t\t\t\t\t\t<div class=\"elementor-element elementor-element-272b4ba elementor-widget__width-auto elementor-widget elementor-widget-text-editor\" data-id=\"272b4ba\" data-element_type=\"widget\" data-e-type=\"widget\" data-widget_type=\"text-editor.default\">\n\t\t\t\t<div class=\"elementor-widget-container\">\n\t\t\t\t\t\t\t\t\t<p><strong>Matassi, M., &amp; <\/strong>Boczkowski, P. (2023). <em>Conocer es comparar: Estudiando a las redes sociales a trav\u00e9s de naciones, medios, y plataformas<\/em>. Seminario en Cultura Social Media, Escuela de Comunicaciones y Periodismo, Universidad Adolfo Ib\u00e1\u00f1ez.<\/p>\t\t\t\t\t\t\t\t<\/div>\n\t\t\t\t<\/div>\n\t\t\t\t<div class=\"elementor-element elementor-element-29db895 elementor-widget__width-auto elementor-widget elementor-widget-text-editor\" data-id=\"29db895\" data-element_type=\"widget\" data-e-type=\"widget\" data-widget_type=\"text-editor.default\">\n\t\t\t\t<div class=\"elementor-widget-container\">\n\t\t\t\t\t\t\t\t\t<p>Boczkowski, P., &amp; <strong>Matassi, M.<\/strong> (2022). <em>To Know Is to Compare: Studying Social Media across Countries, Media and Platforms<\/em>. <strong>Keynote presentation<\/strong> at the ICA Preconference \u201cYoung People &amp; News in a Digital World: Local and Global Perspectives.\u201d Paris, France.<\/p>\t\t\t\t\t\t\t\t<\/div>\n\t\t\t\t<\/div>\n\t\t\t\t<div class=\"elementor-element elementor-element-133ea53 elementor-widget__width-auto elementor-widget elementor-widget-text-editor\" data-id=\"133ea53\" data-element_type=\"widget\" data-e-type=\"widget\" data-widget_type=\"text-editor.default\">\n\t\t\t\t<div class=\"elementor-widget-container\">\n\t\t\t\t\t\t\t\t\t<p><strong>Matassi, M. <\/strong>(2022). <em>\u201cHarmful, unhealthy, addictive\u201d: Disconnection from smartphones and moral mandates of wellbeing<\/em>. Paper presented at the annual conference of the International Communication Association, Paris.<\/p>\t\t\t\t\t\t\t\t<\/div>\n\t\t\t\t<\/div>\n\t\t\t\t<div class=\"elementor-element elementor-element-5bd0b53 elementor-widget__width-auto elementor-widget elementor-widget-text-editor\" data-id=\"5bd0b53\" data-element_type=\"widget\" data-e-type=\"widget\" data-widget_type=\"text-editor.default\">\n\t\t\t\t<div class=\"elementor-widget-container\">\n\t\t\t\t\t\t\t\t\t<p><strong>Matassi, M.\u00a0<\/strong>(2022). <em>Interpersonal digital disconnection and the modulation of WhatsApp\u2019s \u201cread receipt\u201d and \u201clast seen\u201d functionalities<\/em>. Paper presented at the Digital Disconnection Studies Beyond Borders Preconference, annual meeting of the International Communication Association (ICA), Paris.<\/p>\t\t\t\t\t\t\t\t<\/div>\n\t\t\t\t<\/div>\n\t\t\t\t<div class=\"elementor-element elementor-element-3548a83 elementor-widget__width-auto elementor-widget elementor-widget-text-editor\" data-id=\"3548a83\" data-element_type=\"widget\" data-e-type=\"widget\" data-widget_type=\"text-editor.default\">\n\t\t\t\t<div class=\"elementor-widget-container\">\n\t\t\t\t\t\t\t\t\t<p><strong>Matassi, M.\u00a0<\/strong>(2021). <em>Una domesticaci\u00f3n parad\u00f3jica de la conectividad permanente: Aproximaciones cr\u00edticas al bienestar digital<\/em>. Paper presented at the seventh annual meeting of the Center for the Study of Media and Society in Argentina. <a href=\"https:\/\/youtu.be\/HLWZTkNz3oM\" target=\"_blank\" rel=\"noopener\"><span style=\"color: #cc99ff;\">SEE MORE<\/span><\/a><\/p>\t\t\t\t\t\t\t\t<\/div>\n\t\t\t\t<\/div>\n\t\t\t\t<div class=\"elementor-element elementor-element-a268cb1 elementor-widget__width-auto elementor-widget elementor-widget-text-editor\" data-id=\"a268cb1\" data-element_type=\"widget\" data-e-type=\"widget\" data-widget_type=\"text-editor.default\">\n\t\t\t\t<div class=\"elementor-widget-container\">\n\t\t\t\t\t\t\t\t\t<p><strong>Matassi, M.\u00a0<\/strong>(<span style=\"font-weight: 400;\">2021). <\/span><i><span style=\"font-weight: 400;\">Comparative Social Media Studies<\/span><\/i><span style=\"font-weight: 400;\">. Comparative Research in Media Studies Workshop, organized by Cicant &#8211; Lus\u00f3fona University, University of Oslo, University of Bergen, &amp; Catolica Research Centre for Psychological, Family and Social Wellbeing.<\/span><\/p>\t\t\t\t\t\t\t\t<\/div>\n\t\t\t\t<\/div>\n\t\t\t\t<div class=\"elementor-element elementor-element-f79d4fa elementor-widget__width-auto elementor-widget elementor-widget-text-editor\" data-id=\"f79d4fa\" data-element_type=\"widget\" data-e-type=\"widget\" data-widget_type=\"text-editor.default\">\n\t\t\t\t<div class=\"elementor-widget-container\">\n\t\t\t\t\t\t\t\t\t<p>Mitchelstein, E., <strong>Matassi, M.<\/strong>, &amp; Boczkowski, P. (2021). <em>Redes sociales y democracia en Am\u00e9rica Latina<\/em>. IV Jornada de Ciudadan\u00eda Digital, Uruguay . <a href=\"https:\/\/youtu.be\/Qqtcr0ek2pU?t=2804\" target=\"_blank\" rel=\"noopener\"><span style=\"color: #cc99ff;\">SEE MORE<\/span><\/a><\/p>\t\t\t\t\t\t\t\t<\/div>\n\t\t\t\t<\/div>\n\t\t\t\t<div class=\"elementor-element elementor-element-a49960a elementor-widget__width-auto elementor-widget elementor-widget-text-editor\" data-id=\"a49960a\" data-element_type=\"widget\" data-e-type=\"widget\" data-widget_type=\"text-editor.default\">\n\t\t\t\t<div class=\"elementor-widget-container\">\n\t\t\t\t\t\t\t\t\t<p><strong>Matassi, M.\u00a0<\/strong>(<span style=\"font-weight: 400;\">2021). <\/span><i><span style=\"font-weight: 400;\">Deconstructing \u201cdigital wellbeing\u201d: Towards a critical conceptualization<\/span><\/i><span style=\"font-weight: 400;\">. Paper presented at the 4S Annual Meeting of the Society for Social Studies of Science, Toronto, Canada, and converted to virtual due to COVID-19, 6-9 October, 2021.<\/span><\/p>\t\t\t\t\t\t\t\t<\/div>\n\t\t\t\t<\/div>\n\t\t\t\t<div class=\"elementor-element elementor-element-ec585cd elementor-widget__width-auto elementor-widget elementor-widget-text-editor\" data-id=\"ec585cd\" data-element_type=\"widget\" data-e-type=\"widget\" data-widget_type=\"text-editor.default\">\n\t\t\t\t<div class=\"elementor-widget-container\">\n\t\t\t\t\t\t\t\t\t<p><strong>Matassi, M.\u00a0<\/strong>(2021). <em>Dangerous Liaisons? Mental and physical distancing from smartphones in Argentina<\/em>. Paper presented at the Digital Media in Latin America Preconference, annual meeting of the International Communication Association (ICA).<\/p>\t\t\t\t\t\t\t\t<\/div>\n\t\t\t\t<\/div>\n\t\t\t\t<div class=\"elementor-element elementor-element-1038d3b elementor-widget__width-auto elementor-widget elementor-widget-text-editor\" data-id=\"1038d3b\" data-element_type=\"widget\" data-e-type=\"widget\" data-widget_type=\"text-editor.default\">\n\t\t\t\t<div class=\"elementor-widget-container\">\n\t\t\t\t\t\t\t\t\t<p>Mitchelstein, E., <strong>Matassi, M.<\/strong>, &amp; Boczkowski, P. (2021). <em>Minimal effects, maximum panic: Social media and democracy in Latin America<\/em>. Poster presented at the annual conference of the International Communication Association.<\/p>\t\t\t\t\t\t\t\t<\/div>\n\t\t\t\t<\/div>\n\t\t\t\t<div class=\"elementor-element elementor-element-c940b69 elementor-widget__width-auto elementor-widget elementor-widget-text-editor\" data-id=\"c940b69\" data-element_type=\"widget\" data-e-type=\"widget\" data-widget_type=\"text-editor.default\">\n\t\t\t\t<div class=\"elementor-widget-container\">\n\t\t\t\t\t\t\t\t\t<p><strong>Matassi, M.\u00a0<\/strong>(2020). <em>\u201c\u00a1Lejos de m\u00ed!\u201d: Distanciamiento mental y f\u00edsico de les usuaries respecto de sus smartphones bajo los lentes de la medicalizaci\u00f3n, el saludismo y las met\u00e1foras de adicci\u00f3n<\/em>. Paper presented at the sixth annual meeting of the Center for the Study of Media and Society in Argentina. <a href=\"https:\/\/youtu.be\/yjX--IxdoUw\" target=\"_blank\" rel=\"noopener\"><span style=\"color: #cc99ff;\">SEE MORE<\/span><\/a><\/p>\t\t\t\t\t\t\t\t<\/div>\n\t\t\t\t<\/div>\n\t\t\t\t<div class=\"elementor-element elementor-element-d666162 elementor-widget__width-auto elementor-widget elementor-widget-text-editor\" data-id=\"d666162\" data-element_type=\"widget\" data-e-type=\"widget\" data-widget_type=\"text-editor.default\">\n\t\t\t\t<div class=\"elementor-widget-container\">\n\t\t\t\t\t\t\t\t\t<p><strong>Matassi, M.\u00a0<\/strong>(2020). Discussant at the sixth annual meeting of the Center for the Study of Media and Society in Argentina.<\/p>\t\t\t\t\t\t\t\t<\/div>\n\t\t\t\t<\/div>\n\t\t\t\t<div class=\"elementor-element elementor-element-fcebb04 elementor-widget__width-auto elementor-widget elementor-widget-text-editor\" data-id=\"fcebb04\" data-element_type=\"widget\" data-e-type=\"widget\" data-widget_type=\"text-editor.default\">\n\t\t\t\t<div class=\"elementor-widget-container\">\n\t\t\t\t\t\t\t\t\t<p><strong>Matassi, M.\u00a0<\/strong>(2020). <em>Not everything is waiting when we expect a reply: How WhatsApp users define and act upon the absence of timely reciprocity<\/em>. Paper presented at the annual convention of the National Communication Association.<\/p>\t\t\t\t\t\t\t\t<\/div>\n\t\t\t\t<\/div>\n\t\t\t\t<div class=\"elementor-element elementor-element-cece136 elementor-widget__width-auto elementor-widget elementor-widget-text-editor\" data-id=\"cece136\" data-element_type=\"widget\" data-e-type=\"widget\" data-widget_type=\"text-editor.default\">\n\t\t\t\t<div class=\"elementor-widget-container\">\n\t\t\t\t\t\t\t\t\t<p><strong>Matassi, M.\u00a0<\/strong>(2020). <em>Comunicaci\u00f3n m\u00f3vil: Del paradigma de la conectividad permanente a la pregunta por la desconexi\u00f3n<\/em>. III Jornadas de Comunicaci\u00f3n Estrat\u00e9gica, Universidad Nacional de Lomas de Zamora, Buenos Aires, Argentina. <a href=\"https:\/\/youtu.be\/d2EhDbtbBzE\" target=\"_blank\" rel=\"noopener\"><span style=\"color: #cc99ff;\">VER M\u00c1S&gt;<\/span><\/a><\/p>\t\t\t\t\t\t\t\t<\/div>\n\t\t\t\t<\/div>\n\t\t\t\t<div class=\"elementor-element elementor-element-dc34bf1 elementor-widget elementor-widget-spacer\" data-id=\"dc34bf1\" data-element_type=\"widget\" data-e-type=\"widget\" data-widget_type=\"spacer.default\">\n\t\t\t\t<div class=\"elementor-widget-container\">\n\t\t\t\t\t\t\t<div class=\"elementor-spacer\">\n\t\t\t<div class=\"elementor-spacer-inner\"><\/div>\n\t\t<\/div>\n\t\t\t\t\t\t<\/div>\n\t\t\t\t<\/div>\n\t\t\t\t\t<\/div>\n\t\t<\/div>\n\t\t\t\t\t<\/div>\n\t\t<\/section>\n\t\t\t\t\t<\/div>\n\t\t<\/div>\n\t\t\t\t\t<\/div>\n\t\t<\/section>\n\t\t\t\t<\/div>","protected":false},"excerpt":{"rendered":"<p>PRESENTACIONES_ Matassi, M., &amp; Boczkowski, P. (2023). Conocer es comparar: Estudiando a las redes sociales a trav\u00e9s de naciones, medios, y plataformas. Seminario en Cultura Social Media, Escuela de Comunicaciones y Periodismo, Universidad Adolfo Ib\u00e1\u00f1ez. Boczkowski, P., &amp; Matassi, M. (2022). To Know Is to Compare: Studying Social Media across Countries, Media and Platforms. Keynote [&hellip;]<\/p>\n","protected":false},"author":1,"featured_media":0,"parent":0,"menu_order":0,"comment_status":"closed","ping_status":"closed","template":"","meta":{"site-sidebar-layout":"no-sidebar","site-content-layout":"page-builder","ast-site-content-layout":"default","site-content-style":"default","site-sidebar-style":"default","ast-global-header-display":"","ast-banner-title-visibility":"","ast-main-header-display":"","ast-hfb-above-header-display":"","ast-hfb-below-header-display":"","ast-hfb-mobile-header-display":"","site-post-title":"disabled","ast-breadcrumbs-content":"","ast-featured-img":"disabled","footer-sml-layout":"","ast-disable-related-posts":"","theme-transparent-header-meta":"enabled","adv-header-id-meta":"","stick-header-meta":"","header-above-stick-meta":"","header-main-stick-meta":"","header-below-stick-meta":"","astra-migrate-meta-layouts":"default","ast-page-background-enabled":"default","ast-page-background-meta":{"desktop":{"background-color":"","background-image":"","background-repeat":"repeat","background-position":"center center","background-size":"auto","background-attachment":"scroll","background-type":"","background-media":"","overlay-type":"","overlay-color":"","overlay-opacity":"","overlay-gradient":""},"tablet":{"background-color":"","background-image":"","background-repeat":"repeat","background-position":"center center","background-size":"auto","background-attachment":"scroll","background-type":"","background-media":"","overlay-type":"","overlay-color":"","overlay-opacity":"","overlay-gradient":""},"mobile":{"background-color":"","background-image":"","background-repeat":"repeat","background-position":"center center","background-size":"auto","background-attachment":"scroll","background-type":"","background-media":"","overlay-type":"","overlay-color":"","overlay-opacity":"","overlay-gradient":""}},"ast-content-background-meta":{"desktop":{"background-color":"var(--ast-global-color-5)","background-image":"","background-repeat":"repeat","background-position":"center center","background-size":"auto","background-attachment":"scroll","background-type":"","background-media":"","overlay-type":"","overlay-color":"","overlay-opacity":"","overlay-gradient":""},"tablet":{"background-color":"var(--ast-global-color-5)","background-image":"","background-repeat":"repeat","background-position":"center center","background-size":"auto","background-attachment":"scroll","background-type":"","background-media":"","overlay-type":"","overlay-color":"","overlay-opacity":"","overlay-gradient":""},"mobile":{"background-color":"var(--ast-global-color-5)","background-image":"","background-repeat":"repeat","background-position":"center center","background-size":"auto","background-attachment":"scroll","background-type":"","background-media":"","overlay-type":"","overlay-color":"","overlay-opacity":"","overlay-gradient":""}},"footnotes":""},"class_list":["post-1602","page","type-page","status-publish","hentry"],"_links":{"self":[{"href":"https:\/\/moramatassi.com\/eng\/wp-json\/wp\/v2\/pages\/1602","targetHints":{"allow":["GET"]}}],"collection":[{"href":"https:\/\/moramatassi.com\/eng\/wp-json\/wp\/v2\/pages"}],"about":[{"href":"https:\/\/moramatassi.com\/eng\/wp-json\/wp\/v2\/types\/page"}],"author":[{"embeddable":true,"href":"https:\/\/moramatassi.com\/eng\/wp-json\/wp\/v2\/users\/1"}],"replies":[{"embeddable":true,"href":"https:\/\/moramatassi.com\/eng\/wp-json\/wp\/v2\/comments?post=1602"}],"version-history":[{"count":118,"href":"https:\/\/moramatassi.com\/eng\/wp-json\/wp\/v2\/pages\/1602\/revisions"}],"predecessor-version":[{"id":3125,"href":"https:\/\/moramatassi.com\/eng\/wp-json\/wp\/v2\/pages\/1602\/revisions\/3125"}],"wp:attachment":[{"href":"https:\/\/moramatassi.com\/eng\/wp-json\/wp\/v2\/media?parent=1602"}],"curies":[{"name":"wp","href":"https:\/\/api.w.org\/{rel}","templated":true}]}}